{"id":1429,"date":"2025-12-29T13:34:14","date_gmt":"2025-12-29T13:34:14","guid":{"rendered":"https:\/\/plantasante.fr\/entreprises\/?page_id=1429"},"modified":"2026-01-26T17:29:49","modified_gmt":"2026-01-26T17:29:49","slug":"qui-sommes-nous","status":"publish","type":"page","link":"https:\/\/plantasante.fr\/entreprises\/qui-sommes-nous\/","title":{"rendered":"Qui sommes-nous\u00a0?"},"content":{"rendered":"\t\t<div data-elementor-type=\"wp-page\" data-elementor-id=\"1429\" class=\"elementor elementor-1429\" data-elementor-post-type=\"page\">\n\t\t\t\t<div class=\"elementor-element elementor-element-a79401e e-flex e-con-boxed e-con e-parent\" data-id=\"a79401e\" data-element_type=\"container\" data-e-type=\"container\">\n\t\t\t\t\t<div class=\"e-con-inner\">\n\t\t<div class=\"elementor-element elementor-element-5574f63 e-con-full e-flex e-con e-child\" data-id=\"5574f63\" data-element_type=\"container\" data-e-type=\"container\">\n\t\t\t\t<div class=\"elementor-element elementor-element-28a30bb elementor-widget elementor-widget-heading\" data-id=\"28a30bb\" data-element_type=\"widget\" data-e-type=\"widget\" data-widget_type=\"heading.default\">\n\t\t\t\t\t<h2 class=\"elementor-heading-title elementor-size-default\">L'HISTOIRE R\u00c9SUM\u00c9E<\/h2>\t\t\t\t<\/div>\n\t\t\t\t<div class=\"elementor-element elementor-element-e6a5fb3 elementor-widget elementor-widget-text-editor\" data-id=\"e6a5fb3\" data-element_type=\"widget\" data-e-type=\"widget\" data-widget_type=\"text-editor.default\">\n\t\t\t\t\t\t\t\t\t<p><strong>Fond\u00e9e en 2009 par Christian et \u00c9lisabeth BUSSER, l&rsquo;\u00c9cole Plantasant\u00e9 propose diff\u00e9rentes formations autour de la sant\u00e9 au Naturel, avec s\u00e9rieux, partage, et passion.<\/strong><\/p>\t\t\t\t\t\t\t\t<\/div>\n\t\t\t\t<div class=\"elementor-element elementor-element-18147ba elementor-widget elementor-widget-text-editor\" data-id=\"18147ba\" data-element_type=\"widget\" data-e-type=\"widget\" data-widget_type=\"text-editor.default\">\n\t\t\t\t\t\t\t\t\t<p>Tous deux <strong>pharmaciens, auteurs de plusieurs livres de r\u00e9f\u00e9rence, et passionn\u00e9s depuis plus de 40 ans par la sant\u00e9 au naturel<\/strong>, c&rsquo;est tout \u00ab\u00a0naturellement\u00a0\u00bb qu&rsquo;ils se sont tourn\u00e9s vers le partage des connaissances aupr\u00e8s d&rsquo;un public de professionnels, pour former, et informer de tout ce que la Nature a \u00e0 nous offrir !<\/p><p>Entour\u00e9s d&rsquo;une <strong>\u00e9quipe de pr\u00e8s de 25 formatrices et formateurs, Christian et \u00c9lisabeth BUSSER<\/strong> partagent au quotidien leur passion avec tous leurs \u00e9tudiants.<\/p>\t\t\t\t\t\t\t\t<\/div>\n\t\t<div class=\"elementor-element elementor-element-9af1332 e-con-full e-flex e-con e-child\" data-id=\"9af1332\" data-element_type=\"container\" data-e-type=\"container\">\n\t\t\t\t<div class=\"elementor-element elementor-element-744f5b4 elementor-widget elementor-widget-spacer\" data-id=\"744f5b4\" data-element_type=\"widget\" data-e-type=\"widget\" data-widget_type=\"spacer.default\">\n\t\t\t\t\t\t\t<div class=\"elementor-spacer\">\n\t\t\t<div class=\"elementor-spacer-inner\"><\/div>\n\t\t<\/div>\n\t\t\t\t\t\t<\/div>\n\t\t\t\t<div class=\"elementor-element elementor-element-ac5eaa3 elementor-widget elementor-widget-spacer\" data-id=\"ac5eaa3\" data-element_type=\"widget\" data-e-type=\"widget\" data-widget_type=\"spacer.default\">\n\t\t\t\t\t\t\t<div class=\"elementor-spacer\">\n\t\t\t<div class=\"elementor-spacer-inner\"><\/div>\n\t\t<\/div>\n\t\t\t\t\t\t<\/div>\n\t\t\t\t<\/div>\n\t\t\t\t<\/div>\n\t\t<div class=\"elementor-element elementor-element-026055f e-con-full e-flex e-con e-child\" data-id=\"026055f\" data-element_type=\"container\" data-e-type=\"container\">\n\t\t\t\t<div class=\"elementor-element elementor-element-0712743 elementor-widget elementor-widget-image\" data-id=\"0712743\" data-element_type=\"widget\" data-e-type=\"widget\" data-widget_type=\"image.default\">\n\t\t\t\t\t\t\t\t\t\t\t\t\t\t\t<img fetchpriority=\"high\" decoding=\"async\" width=\"1024\" height=\"683\" src=\"https:\/\/plantasante.fr\/entreprises\/wp-content\/uploads\/2025\/12\/61af8d8cec0000ef5acc4902-1024x683.jpg\" class=\"attachment-large size-large wp-image-1672\" alt=\"\" srcset=\"https:\/\/plantasante.fr\/entreprises\/wp-content\/uploads\/2025\/12\/61af8d8cec0000ef5acc4902-1024x683.jpg 1024w, https:\/\/plantasante.fr\/entreprises\/wp-content\/uploads\/2025\/12\/61af8d8cec0000ef5acc4902-300x200.jpg 300w, https:\/\/plantasante.fr\/entreprises\/wp-content\/uploads\/2025\/12\/61af8d8cec0000ef5acc4902-768x512.jpg 768w, https:\/\/plantasante.fr\/entreprises\/wp-content\/uploads\/2025\/12\/61af8d8cec0000ef5acc4902.jpg 1200w\" sizes=\"(max-width: 1024px) 100vw, 1024px\" \/>\t\t\t\t\t\t\t\t\t\t\t\t\t\t\t<\/div>\n\t\t\t\t<\/div>\n\t\t\t\t\t<\/div>\n\t\t\t\t<\/div>\n\t\t<div class=\"elementor-element elementor-element-e5d22f5 elementor-hidden-desktop elementor-hidden-tablet elementor-hidden-mobile e-flex e-con-boxed e-con e-parent\" data-id=\"e5d22f5\" data-element_type=\"container\" data-e-type=\"container\" data-settings=\"{&quot;background_background&quot;:&quot;classic&quot;}\">\n\t\t\t\t\t<div class=\"e-con-inner\">\n\t\t<div class=\"elementor-element elementor-element-2694430 e-con-full e-flex e-con e-child\" data-id=\"2694430\" data-element_type=\"container\" data-e-type=\"container\">\n\t\t\t\t<div class=\"elementor-element elementor-element-0cd4b39 elementor-widget elementor-widget-spacer\" data-id=\"0cd4b39\" data-element_type=\"widget\" data-e-type=\"widget\" data-widget_type=\"spacer.default\">\n\t\t\t\t\t\t\t<div class=\"elementor-spacer\">\n\t\t\t<div class=\"elementor-spacer-inner\"><\/div>\n\t\t<\/div>\n\t\t\t\t\t\t<\/div>\n\t\t\t\t<div class=\"elementor-element elementor-element-59e996e elementor-widget elementor-widget-heading\" data-id=\"59e996e\" data-element_type=\"widget\" data-e-type=\"widget\" data-widget_type=\"heading.default\">\n\t\t\t\t\t<h3 class=\"elementor-heading-title elementor-size-default\"><img decoding=\"async\" role=\"img\" class=\"emoji\" alt=\"\u2709\" src=\"https:\/\/s.w.org\/images\/core\/emoji\/17.0.2\/svg\/2709.svg\"> Venez nous rencontrer lors du prochain\n<b>petit-d\u00e9jeuner <img decoding=\"async\" role=\"img\" class=\"emoji\" alt=\"\ud83e\udd50\" src=\"https:\/\/s.w.org\/images\/core\/emoji\/17.0.2\/svg\/1f950.svg\">th\u00e9matique<\/b> !<\/h3>\t\t\t\t<\/div>\n\t\t\t\t<div class=\"elementor-element elementor-element-49910c3 elementor-widget elementor-widget-spacer\" data-id=\"49910c3\" data-element_type=\"widget\" data-e-type=\"widget\" data-widget_type=\"spacer.default\">\n\t\t\t\t\t\t\t<div class=\"elementor-spacer\">\n\t\t\t<div class=\"elementor-spacer-inner\"><\/div>\n\t\t<\/div>\n\t\t\t\t\t\t<\/div>\n\t\t\t\t<div class=\"elementor-element elementor-element-e36fffe elementor-widget elementor-widget-image\" data-id=\"e36fffe\" data-element_type=\"widget\" data-e-type=\"widget\" data-widget_type=\"image.default\">\n\t\t\t\t\t\t\t\t\t\t\t\t\t\t\t<img decoding=\"async\" width=\"1000\" height=\"667\" src=\"https:\/\/plantasante.fr\/entreprises\/wp-content\/uploads\/2026\/01\/salle-rosheim.jpeg\" class=\"attachment-large size-large wp-image-1770\" alt=\"\" srcset=\"https:\/\/plantasante.fr\/entreprises\/wp-content\/uploads\/2026\/01\/salle-rosheim.jpeg 1000w, https:\/\/plantasante.fr\/entreprises\/wp-content\/uploads\/2026\/01\/salle-rosheim-300x200.jpeg 300w, https:\/\/plantasante.fr\/entreprises\/wp-content\/uploads\/2026\/01\/salle-rosheim-768x512.jpeg 768w\" sizes=\"(max-width: 1000px) 100vw, 1000px\" \/>\t\t\t\t\t\t\t\t\t\t\t\t\t\t\t<\/div>\n\t\t\t\t<div class=\"elementor-element elementor-element-68c3118 elementor-widget elementor-widget-spacer\" data-id=\"68c3118\" data-element_type=\"widget\" data-e-type=\"widget\" data-widget_type=\"spacer.default\">\n\t\t\t\t\t\t\t<div class=\"elementor-spacer\">\n\t\t\t<div class=\"elementor-spacer-inner\"><\/div>\n\t\t<\/div>\n\t\t\t\t\t\t<\/div>\n\t\t\t\t<\/div>\n\t\t<div class=\"elementor-element elementor-element-87a1b81 e-con-full e-flex e-con e-child\" data-id=\"87a1b81\" data-element_type=\"container\" data-e-type=\"container\">\n\t\t<div class=\"elementor-element elementor-element-a1038e9 e-con-full e-flex e-con e-child\" data-id=\"a1038e9\" data-element_type=\"container\" data-e-type=\"container\" data-settings=\"{&quot;background_background&quot;:&quot;classic&quot;}\">\n\t\t\t\t<div class=\"elementor-element elementor-element-13ff286 elementor-widget__width-initial elementor-widget elementor-widget-text-editor\" data-id=\"13ff286\" data-element_type=\"widget\" data-e-type=\"widget\" data-widget_type=\"text-editor.default\">\n\t\t\t\t\t\t\t\t\t<p><strong>Prochain petit d\u00e9jeuner \ud83e\udd50 th\u00e9matique :<\/strong><\/p>\t\t\t\t\t\t\t\t<\/div>\n\t\t\t\t<div class=\"elementor-element elementor-element-7a9ccb0 elementor-widget elementor-widget-spacer\" data-id=\"7a9ccb0\" data-element_type=\"widget\" data-e-type=\"widget\" data-widget_type=\"spacer.default\">\n\t\t\t\t\t\t\t<div class=\"elementor-spacer\">\n\t\t\t<div class=\"elementor-spacer-inner\"><\/div>\n\t\t<\/div>\n\t\t\t\t\t\t<\/div>\n\t\t\t\t<div class=\"elementor-element elementor-element-44ae31a elementor-widget elementor-widget-button\" data-id=\"44ae31a\" data-element_type=\"widget\" data-e-type=\"widget\" data-widget_type=\"button.default\">\n\t\t\t\t\t\t\t\t\t\t<a class=\"elementor-button elementor-button-link elementor-size-sm\" href=\"https:\/\/docs.google.com\/forms\/d\/e\/1FAIpQLSeyj-rDmRAIi1IZvI1vULsIH47wuRSDXZf7XVca1GjJqN7Zdw\/viewform?usp=dialog\">\n\t\t\t\t\t\t<span class=\"elementor-button-content-wrapper\">\n\t\t\t\t\t\t\t\t\t<span class=\"elementor-button-text\">Jeudi 29 janvier 2026<\/span>\n\t\t\t\t\t<\/span>\n\t\t\t\t\t<\/a>\n\t\t\t\t\t\t\t\t<\/div>\n\t\t\t\t<div class=\"elementor-element elementor-element-8797a77 elementor-widget__width-initial elementor-widget elementor-widget-text-editor\" data-id=\"8797a77\" data-element_type=\"widget\" data-e-type=\"widget\" data-widget_type=\"text-editor.default\">\n\t\t\t\t\t\t\t\t\t<p>\ud83d\udd53 <strong>8h30 &#8211; 10h<\/strong><\/p><p>\ud83d\udccd <strong>Plantasant\u00e9<\/strong>, au 31, route de Grendelbruch &#8211; 67560 <strong>Rosheim<\/strong><\/p>\t\t\t\t\t\t\t\t<\/div>\n\t\t\t\t<div class=\"elementor-element elementor-element-8c240e9 elementor-widget elementor-widget-button\" data-id=\"8c240e9\" data-element_type=\"widget\" data-e-type=\"widget\" data-widget_type=\"button.default\">\n\t\t\t\t\t\t\t\t\t\t<a class=\"elementor-button elementor-button-link elementor-size-sm\" href=\"https:\/\/docs.google.com\/forms\/d\/e\/1FAIpQLSeyj-rDmRAIi1IZvI1vULsIH47wuRSDXZf7XVca1GjJqN7Zdw\/viewform?usp=dialog\">\n\t\t\t\t\t\t<span class=\"elementor-button-content-wrapper\">\n\t\t\t\t\t\t\t\t\t<span class=\"elementor-button-text\">Inscription<\/span>\n\t\t\t\t\t<\/span>\n\t\t\t\t\t<\/a>\n\t\t\t\t\t\t\t\t<\/div>\n\t\t\t\t<\/div>\n\t\t\t\t<\/div>\n\t\t\t\t\t<\/div>\n\t\t\t\t<\/div>\n\t\t<div class=\"elementor-element elementor-element-846909f e-flex e-con-boxed e-con e-parent\" data-id=\"846909f\" data-element_type=\"container\" data-e-type=\"container\">\n\t\t\t\t\t<div class=\"e-con-inner\">\n\t\t\t\t<div class=\"elementor-element elementor-element-fe11cc7 elementor-widget elementor-widget-spacer\" data-id=\"fe11cc7\" data-element_type=\"widget\" data-e-type=\"widget\" data-widget_type=\"spacer.default\">\n\t\t\t\t\t\t\t<div class=\"elementor-spacer\">\n\t\t\t<div class=\"elementor-spacer-inner\"><\/div>\n\t\t<\/div>\n\t\t\t\t\t\t<\/div>\n\t\t\t\t\t<\/div>\n\t\t\t\t<\/div>\n\t\t<div class=\"elementor-element elementor-element-9b5ce62 e-flex e-con-boxed e-con e-parent\" data-id=\"9b5ce62\" data-element_type=\"container\" data-e-type=\"container\" data-settings=\"{&quot;background_background&quot;:&quot;classic&quot;}\">\n\t\t\t\t\t<div class=\"e-con-inner\">\n\t\t\t\t<div class=\"elementor-element elementor-element-e4159d2 elementor-widget elementor-widget-spacer\" data-id=\"e4159d2\" data-element_type=\"widget\" data-e-type=\"widget\" data-widget_type=\"spacer.default\">\n\t\t\t\t\t\t\t<div class=\"elementor-spacer\">\n\t\t\t<div class=\"elementor-spacer-inner\"><\/div>\n\t\t<\/div>\n\t\t\t\t\t\t<\/div>\n\t\t\t\t<div class=\"elementor-element elementor-element-7e22f38 elementor-widget elementor-widget-text-editor\" data-id=\"7e22f38\" data-element_type=\"widget\" data-e-type=\"widget\" data-widget_type=\"text-editor.default\">\n\t\t\t\t\t\t\t\t\t<p>Actifs dans le monde l&rsquo;entreprise et des collectivit\u00e9s, l&rsquo;\u00c9cole Plantasant\u00e9, r\u00e9f\u00e9rence dans le domaine, structure son offre aux Entreprises et Collectivit\u00e9s en 2025 pour proposer un panel complet d&rsquo;accompagnement, avec ses partenaires.<\/p>\t\t\t\t\t\t\t\t<\/div>\n\t\t\t\t<div class=\"elementor-element elementor-element-4b8f6af elementor-widget elementor-widget-spacer\" data-id=\"4b8f6af\" data-element_type=\"widget\" data-e-type=\"widget\" data-widget_type=\"spacer.default\">\n\t\t\t\t\t\t\t<div class=\"elementor-spacer\">\n\t\t\t<div class=\"elementor-spacer-inner\"><\/div>\n\t\t<\/div>\n\t\t\t\t\t\t<\/div>\n\t\t\t\t<div class=\"elementor-element elementor-element-20b2188 elementor-widget elementor-widget-image\" data-id=\"20b2188\" data-element_type=\"widget\" data-e-type=\"widget\" data-widget_type=\"image.default\">\n\t\t\t\t\t\t\t\t\t\t\t\t\t\t\t<img decoding=\"async\" width=\"1024\" height=\"508\" src=\"https:\/\/plantasante.fr\/entreprises\/wp-content\/uploads\/2025\/12\/cropped-LogoPSE-scaled-1-200x99.jpg\" class=\"attachment-large size-large wp-image-1510\" alt=\"\" srcset=\"\" sizes=\"(max-width: 1024px) 100vw, 1024px\" \/>\t\t\t\t\t\t\t\t\t\t\t\t\t\t\t<\/div>\n\t\t\t\t<div class=\"elementor-element elementor-element-d39c0ea elementor-widget elementor-widget-spacer\" data-id=\"d39c0ea\" data-element_type=\"widget\" data-e-type=\"widget\" data-widget_type=\"spacer.default\">\n\t\t\t\t\t\t\t<div class=\"elementor-spacer\">\n\t\t\t<div class=\"elementor-spacer-inner\"><\/div>\n\t\t<\/div>\n\t\t\t\t\t\t<\/div>\n\t\t\t\t\t<\/div>\n\t\t\t\t<\/div>\n\t\t<div class=\"elementor-element elementor-element-9d42b46 e-flex e-con-boxed e-con e-parent\" data-id=\"9d42b46\" data-element_type=\"container\" data-e-type=\"container\">\n\t\t\t\t\t<div class=\"e-con-inner\">\n\t\t\t\t<div class=\"elementor-element elementor-element-7072a30 elementor-widget elementor-widget-spacer\" data-id=\"7072a30\" data-element_type=\"widget\" data-e-type=\"widget\" data-widget_type=\"spacer.default\">\n\t\t\t\t\t\t\t<div class=\"elementor-spacer\">\n\t\t\t<div class=\"elementor-spacer-inner\"><\/div>\n\t\t<\/div>\n\t\t\t\t\t\t<\/div>\n\t\t\t\t\t<\/div>\n\t\t\t\t<\/div>\n\t\t<div class=\"elementor-element elementor-element-fea928f e-flex e-con-boxed e-con e-parent\" data-id=\"fea928f\" data-element_type=\"container\" data-e-type=\"container\">\n\t\t\t\t\t<div class=\"e-con-inner\">\n\t\t\t\t<div class=\"elementor-element elementor-element-80eeeed elementor-widget elementor-widget-heading\" data-id=\"80eeeed\" data-element_type=\"widget\" data-e-type=\"widget\" data-widget_type=\"heading.default\">\n\t\t\t\t\t<h2 class=\"elementor-heading-title elementor-size-default\"><b>R\u00e9f\u00e9rences<\/b><br>Ils nous ont fait confiance !<\/h2>\t\t\t\t<\/div>\n\t\t\t\t<div class=\"elementor-element elementor-element-32e3ab8 elementor-widget elementor-widget-text-editor\" data-id=\"32e3ab8\" data-element_type=\"widget\" data-e-type=\"widget\" data-widget_type=\"text-editor.default\">\n\t\t\t\t\t\t\t\t\t<ul><li>Les Jardins de Ga\u00efa<\/li><li>Mutuelle Sociale Agricole<\/li><li>Groupe Vinci<\/li><li>Cr\u00e9dit Mutuel<\/li><li>Tr\u00e8s nombreuses Associations locales et nationales<\/li><\/ul><ul><li>&#8230; Liste compl\u00e8te \u00e0 venir tr\u00e8s prochainement !<\/li><\/ul>\t\t\t\t\t\t\t\t<\/div>\n\t\t\t\t\t<\/div>\n\t\t\t\t<\/div>\n\t\t\t\t<\/div>\n\t\t","protected":false},"excerpt":{"rendered":"<p>L&rsquo;HISTOIRE R\u00c9SUM\u00c9E Fond\u00e9e en 2009 par Christian et \u00c9lisabeth BUSSER, l&rsquo;\u00c9cole Plantasant\u00e9 propose diff\u00e9rentes formations autour de la sant\u00e9 au [&hellip;]<\/p>\n","protected":false},"author":1,"featured_media":0,"parent":0,"menu_order":0,"comment_status":"closed","ping_status":"closed","template":"","meta":{"site-sidebar-layout":"no-sidebar","site-content-layout":"","ast-site-content-layout":"full-width-container","site-content-style":"default","site-sidebar-style":"default","ast-global-header-display":"","ast-banner-title-visibility":"","ast-main-header-display":"","ast-hfb-above-header-display":"","ast-hfb-below-header-display":"","ast-hfb-mobile-header-display":"","site-post-title":"","ast-breadcrumbs-content":"","ast-featured-img":"disabled","footer-sml-layout":"","ast-disable-related-posts":"","theme-transparent-header-meta":"","adv-header-id-meta":"","stick-header-meta":"","header-above-stick-meta":"","header-main-stick-meta":"","header-below-stick-meta":"","astra-migrate-meta-layouts":"default","ast-page-background-enabled":"default","ast-page-background-meta":{"desktop":{"background-color":"var(--ast-global-color-5)","background-image":"","background-repeat":"repeat","background-position":"center center","background-size":"auto","background-attachment":"scroll","background-type":"","background-media":"","overlay-type":"","overlay-color":"","overlay-opacity":"","overlay-gradient":""},"tablet":{"background-color":"","background-image":"","background-repeat":"repeat","background-position":"center center","background-size":"auto","background-attachment":"scroll","background-type":"","background-media":"","overlay-type":"","overlay-color":"","overlay-opacity":"","overlay-gradient":""},"mobile":{"background-color":"","background-image":"","background-repeat":"repeat","background-position":"center center","background-size":"auto","background-attachment":"scroll","background-type":"","background-media":"","overlay-type":"","overlay-color":"","overlay-opacity":"","overlay-gradient":""}},"ast-content-background-meta":{"desktop":{"background-color":"var(--ast-global-color-4)","background-image":"","background-repeat":"repeat","background-position":"center center","background-size":"auto","background-attachment":"scroll","background-type":"","background-media":"","overlay-type":"","overlay-color":"","overlay-opacity":"","overlay-gradient":""},"tablet":{"background-color":"var(--ast-global-color-4)","background-image":"","background-repeat":"repeat","background-position":"center center","background-size":"auto","background-attachment":"scroll","background-type":"","background-media":"","overlay-type":"","overlay-color":"","overlay-opacity":"","overlay-gradient":""},"mobile":{"background-color":"var(--ast-global-color-4)","background-image":"","background-repeat":"repeat","background-position":"center center","background-size":"auto","background-attachment":"scroll","background-type":"","background-media":"","overlay-type":"","overlay-color":"","overlay-opacity":"","overlay-gradient":""}},"footnotes":""},"folder":[],"class_list":["post-1429","page","type-page","status-publish","hentry"],"_links":{"self":[{"href":"https:\/\/plantasante.fr\/entreprises\/wp-json\/wp\/v2\/pages\/1429","targetHints":{"allow":["GET"]}}],"collection":[{"href":"https:\/\/plantasante.fr\/entreprises\/wp-json\/wp\/v2\/pages"}],"about":[{"href":"https:\/\/plantasante.fr\/entreprises\/wp-json\/wp\/v2\/types\/page"}],"author":[{"embeddable":true,"href":"https:\/\/plantasante.fr\/entreprises\/wp-json\/wp\/v2\/users\/1"}],"replies":[{"embeddable":true,"href":"https:\/\/plantasante.fr\/entreprises\/wp-json\/wp\/v2\/comments?post=1429"}],"version-history":[{"count":19,"href":"https:\/\/plantasante.fr\/entreprises\/wp-json\/wp\/v2\/pages\/1429\/revisions"}],"predecessor-version":[{"id":1824,"href":"https:\/\/plantasante.fr\/entreprises\/wp-json\/wp\/v2\/pages\/1429\/revisions\/1824"}],"wp:attachment":[{"href":"https:\/\/plantasante.fr\/entreprises\/wp-json\/wp\/v2\/media?parent=1429"}],"wp:term":[{"taxonomy":"folder","embeddable":true,"href":"https:\/\/plantasante.fr\/entreprises\/wp-json\/wp\/v2\/folder?post=1429"}],"curies":[{"name":"wp","href":"https:\/\/api.w.org\/{rel}","templated":true}]}}