{"id":1646,"date":"2025-12-30T19:44:05","date_gmt":"2025-12-30T19:44:05","guid":{"rendered":"https:\/\/plantasante.fr\/entreprises\/?page_id=1646"},"modified":"2025-12-30T19:44:45","modified_gmt":"2025-12-30T19:44:45","slug":"politique-de-confidentialite","status":"publish","type":"page","link":"https:\/\/plantasante.fr\/entreprises\/politique-de-confidentialite\/","title":{"rendered":"Politique de confidentialit\u00e9"},"content":{"rendered":"\t\t<div data-elementor-type=\"wp-page\" data-elementor-id=\"1646\" class=\"elementor elementor-1646\" data-elementor-post-type=\"page\">\n\t\t\t\t<div class=\"elementor-element elementor-element-fe51479 e-flex e-con-boxed e-con e-parent\" data-id=\"fe51479\" data-element_type=\"container\" data-e-type=\"container\">\n\t\t\t\t\t<div class=\"e-con-inner\">\n\t\t\t\t<div class=\"elementor-element elementor-element-3e8b4fc elementor-widget elementor-widget-text-editor\" data-id=\"3e8b4fc\" data-element_type=\"widget\" data-e-type=\"widget\" data-widget_type=\"text-editor.default\">\n\t\t\t\t\t\t\t\t\t<p data-start=\"328\" data-end=\"371\"><strong data-start=\"328\" data-end=\"371\">Derni\u00e8re mise \u00e0 jour : 30\/12\/2025<\/strong><\/p><p data-start=\"373\" data-end=\"612\">La pr\u00e9sente politique de confidentialit\u00e9 a pour objectif d\u2019informer les utilisateurs du site\u00a0<strong data-start=\"466\" data-end=\"484\">plantasante.fr<\/strong>, propri\u00e9t\u00e9 de\u00a0<strong data-start=\"499\" data-end=\"525\">SARL ECOLE PLANTASANTE<\/strong>, des traitements de donn\u00e9es personnelles effectu\u00e9s conform\u00e9ment au RGPD (UE 2016\/679).<\/p><p data-start=\"373\" data-end=\"612\">\u00a0<\/p><hr data-start=\"614\" data-end=\"617\" \/><h2 class=\"wp-block-heading\" data-start=\"619\" data-end=\"666\"><strong data-start=\"622\" data-end=\"666\">1. Identit\u00e9 du responsable du traitement<\/strong><\/h2><p data-start=\"668\" data-end=\"929\"><strong data-start=\"668\" data-end=\"689\">ECOLE PLANTASANTE<\/strong><br data-start=\"689\" data-end=\"692\" \/>SARL au capital de 22 000 \u20ac<br data-start=\"719\" data-end=\"722\" \/>2A Rue du Mar\u00e9chal Koenig, 67210 OBERNAI<br data-start=\"762\" data-end=\"765\" \/>T\u00e9l. : 06 45 33 75 04<br data-start=\"786\" data-end=\"789\" \/>E-mail :\u00a0<strong data-start=\"798\" data-end=\"823\"><a class=\"decorated-link cursor-pointer\" rel=\"noopener\" data-start=\"800\" data-end=\"821\">planta@plantasante.fr<\/a><\/strong><br data-start=\"823\" data-end=\"826\" \/>RCS Saverne :\u00a0<strong data-start=\"840\" data-end=\"855\">511 310 666<\/strong>\u00a0\u2013 SIRET :\u00a0<strong data-start=\"866\" data-end=\"884\">51131066600017<\/strong><br data-start=\"884\" data-end=\"887\" \/>TVA intracommunautaire :\u00a0<strong data-start=\"912\" data-end=\"929\">FR06511310666<\/strong><\/p><p data-start=\"931\" data-end=\"1020\"><strong data-start=\"931\" data-end=\"982\">Responsable de la publication : Philippe BUSSER<\/strong><br data-start=\"982\" data-end=\"985\" \/>Contact :\u00a0<strong data-start=\"995\" data-end=\"1020\"><a class=\"decorated-link cursor-pointer\" rel=\"noopener\" data-start=\"997\" data-end=\"1018\">planta@plantasante.fr<\/a><\/strong><\/p><p data-start=\"931\" data-end=\"1020\">\u00a0<\/p><hr data-start=\"1022\" data-end=\"1025\" \/><h2 data-start=\"1027\" data-end=\"1048\"><strong data-start=\"1030\" data-end=\"1048\">2. H\u00e9bergement<\/strong><\/h2><p data-start=\"1050\" data-end=\"1131\"><strong data-start=\"1050\" data-end=\"1081\">HOSTINGER INTERNATIONAL LTD<\/strong><br data-start=\"1081\" data-end=\"1084\" \/>61 Lordou Vironos Street, 6023 Larnaca, Chypre.<\/p><p data-start=\"1050\" data-end=\"1131\">\u00a0<\/p><hr data-start=\"1133\" data-end=\"1136\" \/><h2 data-start=\"1138\" data-end=\"1166\"><strong data-start=\"1141\" data-end=\"1166\">3. Donn\u00e9es collect\u00e9es<\/strong><\/h2><h3 data-start=\"1168\" data-end=\"1226\"><strong data-start=\"1172\" data-end=\"1226\">3.1 Donn\u00e9es fournies directement par l\u2019utilisateur<\/strong><\/h3><ul data-start=\"1227\" data-end=\"1432\"><li data-start=\"1227\" data-end=\"1242\"><p data-start=\"1229\" data-end=\"1242\">Nom, pr\u00e9nom<\/p><\/li><li data-start=\"1243\" data-end=\"1261\"><p data-start=\"1245\" data-end=\"1261\">Adresse e-mail<\/p><\/li><li data-start=\"1262\" data-end=\"1285\"><p data-start=\"1264\" data-end=\"1285\">Num\u00e9ro de t\u00e9l\u00e9phone<\/p><\/li><li data-start=\"1286\" data-end=\"1322\"><p data-start=\"1288\" data-end=\"1322\">Adresse postale (le cas \u00e9ch\u00e9ant)<\/p><\/li><li data-start=\"1323\" data-end=\"1379\"><p data-start=\"1325\" data-end=\"1379\">Informations transmises via le formulaire de contact<\/p><\/li><li data-start=\"1380\" data-end=\"1432\"><p data-start=\"1382\" data-end=\"1432\">Informations li\u00e9es aux formations ou newsletters<\/p><\/li><\/ul><h3 data-start=\"1434\" data-end=\"1480\"><strong data-start=\"1438\" data-end=\"1480\">3.2 Donn\u00e9es collect\u00e9es automatiquement<\/strong><\/h3><ul data-start=\"1481\" data-end=\"1550\"><li data-start=\"1481\" data-end=\"1495\"><p data-start=\"1483\" data-end=\"1495\">Adresse IP<\/p><\/li><li data-start=\"1496\" data-end=\"1526\"><p data-start=\"1498\" data-end=\"1526\">Informations de navigation<\/p><\/li><li data-start=\"1527\" data-end=\"1550\"><p data-start=\"1529\" data-end=\"1550\">Cookies et traceurs<\/p><\/li><\/ul><p>\u00a0<\/p><hr data-start=\"1552\" data-end=\"1555\" \/><h2 data-start=\"1557\" data-end=\"1590\"><strong data-start=\"1560\" data-end=\"1590\">4. Finalit\u00e9s du traitement<\/strong><\/h2><p data-start=\"1592\" data-end=\"1627\">Les donn\u00e9es collect\u00e9es permettent :<\/p><ul data-start=\"1629\" data-end=\"1935\"><li data-start=\"1629\" data-end=\"1688\"><p data-start=\"1631\" data-end=\"1688\">de r\u00e9pondre \u00e0 vos demandes (formulaire, contact direct)<\/p><\/li><li data-start=\"1689\" data-end=\"1748\"><p data-start=\"1691\" data-end=\"1748\">de g\u00e9rer vos inscriptions aux formations ou newsletters<\/p><\/li><li data-start=\"1749\" data-end=\"1818\"><p data-start=\"1751\" data-end=\"1818\">d\u2019effectuer la gestion administrative, comptable ou contractuelle<\/p><\/li><li data-start=\"1819\" data-end=\"1872\"><p data-start=\"1821\" data-end=\"1872\">d\u2019am\u00e9liorer la qualit\u00e9 de nos services et du site<\/p><\/li><li data-start=\"1873\" data-end=\"1935\"><p data-start=\"1875\" data-end=\"1935\">d\u2019assurer la s\u00e9curit\u00e9 du site et la pr\u00e9vention des fraudes<\/p><\/li><\/ul><h3 data-start=\"1937\" data-end=\"1976\"><strong data-start=\"1941\" data-end=\"1974\">Communications &amp; consentement<\/strong><\/h3><p data-start=\"1977\" data-end=\"2499\"><strong data-start=\"1977\" data-end=\"2258\">En communiquant \u00e0 l\u2019\u00c9cole Plantasant\u00e9 votre num\u00e9ro de t\u00e9l\u00e9phone et\/ou votre email, vous autorisez l\u2019\u00c9cole Plantasant\u00e9 \u00e0 utiliser les informations que vous nous partagez pour vous envoyer diff\u00e9rents contenus, vous contacter directement, ou pour vous informer sur nos formations.<\/strong><br data-start=\"2258\" data-end=\"2261\" \/>Vous pouvez vous d\u00e9sabonner de ces communications \u00e0 tout moment.<br data-start=\"2325\" data-end=\"2328\" \/>Consultez notre Politique de confidentialit\u00e9 pour en savoir plus sur nos modalit\u00e9s de d\u00e9sabonnement et sur notre engagement vis-\u00e0-vis de la protection et de la vie priv\u00e9e.<\/p><p data-start=\"1977\" data-end=\"2499\">\u00a0<\/p><hr data-start=\"2501\" data-end=\"2504\" \/><h2 data-start=\"2506\" data-end=\"2541\"><strong data-start=\"2509\" data-end=\"2541\">5. Base l\u00e9gale du traitement<\/strong><\/h2><p data-start=\"2543\" data-end=\"2573\">Les traitements reposent sur :<\/p><ul data-start=\"2575\" data-end=\"2887\"><li data-start=\"2575\" data-end=\"2651\"><p data-start=\"2577\" data-end=\"2651\"><strong data-start=\"2577\" data-end=\"2599\">Votre consentement<\/strong>, notamment pour les communications et newsletters<\/p><\/li><li data-start=\"2652\" data-end=\"2724\"><p data-start=\"2654\" data-end=\"2724\"><strong data-start=\"2654\" data-end=\"2682\">L\u2019ex\u00e9cution d\u2019un contrat<\/strong>, en cas d\u2019inscription ou de facturation<\/p><\/li><li data-start=\"2725\" data-end=\"2807\"><p data-start=\"2727\" data-end=\"2807\"><strong data-start=\"2727\" data-end=\"2753\">Notre int\u00e9r\u00eat l\u00e9gitime<\/strong>, pour am\u00e9liorer nos services et assurer la s\u00e9curit\u00e9<\/p><\/li><li data-start=\"2808\" data-end=\"2887\"><p data-start=\"2810\" data-end=\"2887\"><strong data-start=\"2810\" data-end=\"2835\">Une obligation l\u00e9gale<\/strong>, pour certaines donn\u00e9es financi\u00e8res ou comptables<\/p><\/li><li data-start=\"2808\" data-end=\"2887\">\u00a0<\/li><\/ul><hr data-start=\"2889\" data-end=\"2892\" \/><h2 data-start=\"2894\" data-end=\"2929\"><strong data-start=\"2897\" data-end=\"2929\">6. Destinataires des donn\u00e9es<\/strong><\/h2><p data-start=\"2931\" data-end=\"2970\">Vos donn\u00e9es peuvent \u00eatre transmises \u00e0 :<\/p><ul data-start=\"2972\" data-end=\"3161\"><li data-start=\"2972\" data-end=\"3040\"><p data-start=\"2974\" data-end=\"3040\">prestataires techniques (h\u00e9bergeur, emailing, outils de gestion)<\/p><\/li><li data-start=\"3041\" data-end=\"3108\"><p data-start=\"3043\" data-end=\"3108\">prestataires p\u00e9dagogiques ou administratifs li\u00e9s aux formations<\/p><\/li><li data-start=\"3109\" data-end=\"3161\"><p data-start=\"3111\" data-end=\"3161\">autorit\u00e9s comp\u00e9tentes en cas d\u2019obligation l\u00e9gale<\/p><\/li><\/ul><p data-start=\"3163\" data-end=\"3235\">Aucune donn\u00e9e n\u2019est vendue ou c\u00e9d\u00e9e \u00e0 des tiers \u00e0 des fins commerciales.<\/p><p data-start=\"3163\" data-end=\"3235\">\u00a0<\/p><hr data-start=\"3237\" data-end=\"3240\" \/><h2 data-start=\"3242\" data-end=\"3271\"><strong data-start=\"3245\" data-end=\"3271\">7. Cookies et traceurs<\/strong><\/h2><p data-start=\"3273\" data-end=\"3307\">Le site utilise des cookies\u00a0<a href=\"https:\/\/plantasante.fr\/politique-de-cookies-ue\/\">https:\/\/plantasante.fr\/politique-de-cookies-ue\/<\/a>\u00a0pour :<\/p><ul data-start=\"3309\" data-end=\"3390\"><li data-start=\"3309\" data-end=\"3339\"><p data-start=\"3311\" data-end=\"3339\">assurer son fonctionnement<\/p><\/li><li data-start=\"3340\" data-end=\"3362\"><p data-start=\"3342\" data-end=\"3362\">mesurer l\u2019audience<\/p><\/li><li data-start=\"3363\" data-end=\"3390\"><p data-start=\"3365\" data-end=\"3390\">am\u00e9liorer la navigation<\/p><\/li><\/ul><p data-start=\"3392\" data-end=\"3516\">Lors de votre premi\u00e8re visite, une banni\u00e8re vous permet d\u2019accepter, refuser ou personnaliser les cookies non indispensables.<\/p><p data-start=\"3392\" data-end=\"3516\">\u00a0<\/p><hr data-start=\"3518\" data-end=\"3521\" \/><h2 data-start=\"3523\" data-end=\"3566\"><strong data-start=\"3526\" data-end=\"3566\">8. Dur\u00e9e de conservation des donn\u00e9es<\/strong><\/h2><ul data-start=\"3568\" data-end=\"3793\"><li data-start=\"3568\" data-end=\"3629\"><p data-start=\"3570\" data-end=\"3629\">Formulaire \/ contact :\u00a0<strong data-start=\"3593\" data-end=\"3602\">3 ans<\/strong>\u00a0apr\u00e8s le dernier \u00e9change<\/p><\/li><li data-start=\"3630\" data-end=\"3689\"><p data-start=\"3632\" data-end=\"3689\">Donn\u00e9es de facturation :\u00a0<strong data-start=\"3657\" data-end=\"3667\">10 ans<\/strong>\u00a0(obligation l\u00e9gale)<\/p><\/li><li data-start=\"3690\" data-end=\"3729\"><p data-start=\"3692\" data-end=\"3729\">Newsletter : jusqu\u2019\u00e0 d\u00e9sinscription<\/p><\/li><li data-start=\"3730\" data-end=\"3759\"><p data-start=\"3732\" data-end=\"3759\">Cookies : jusqu\u2019\u00e0 13 mois<\/p><\/li><li data-start=\"3760\" data-end=\"3793\"><p data-start=\"3762\" data-end=\"3793\">Logs techniques : 6 \u00e0 12 mois<\/p><\/li><\/ul><p>\u00a0<\/p><hr data-start=\"3795\" data-end=\"3798\" \/><h2 data-start=\"3800\" data-end=\"3820\"><strong data-start=\"3803\" data-end=\"3820\">9. Vos droits<\/strong><\/h2><p data-start=\"3822\" data-end=\"3857\">Vous disposez des droits suivants :<\/p><ul data-start=\"3859\" data-end=\"4058\"><li data-start=\"3859\" data-end=\"3876\"><p data-start=\"3861\" data-end=\"3876\">Droit d\u2019acc\u00e8s<\/p><\/li><li data-start=\"3877\" data-end=\"3903\"><p data-start=\"3879\" data-end=\"3903\">Droit de rectification<\/p><\/li><li data-start=\"3904\" data-end=\"3928\"><p data-start=\"3906\" data-end=\"3928\">Droit \u00e0 l\u2019effacement<\/p><\/li><li data-start=\"3929\" data-end=\"3954\"><p data-start=\"3931\" data-end=\"3954\">Droit \u00e0 la limitation<\/p><\/li><li data-start=\"3955\" data-end=\"3977\"><p data-start=\"3957\" data-end=\"3977\">Droit d\u2019opposition<\/p><\/li><li data-start=\"3978\" data-end=\"4004\"><p data-start=\"3980\" data-end=\"4004\">Droit \u00e0 la portabilit\u00e9<\/p><\/li><li data-start=\"4005\" data-end=\"4058\"><p data-start=\"4007\" data-end=\"4058\">Droit de retirer votre consentement \u00e0 tout moment<\/p><\/li><\/ul><p data-start=\"4060\" data-end=\"4116\">Pour exercer vos droits :<br data-start=\"4085\" data-end=\"4088\" \/>\ud83d\udce7\u00a0<strong data-start=\"4091\" data-end=\"4116\"><a class=\"decorated-link cursor-pointer\" rel=\"noopener\" data-start=\"4093\" data-end=\"4114\">planta@plantasante.fr<\/a><\/strong><\/p><p data-start=\"4118\" data-end=\"4211\">Vous pouvez aussi contacter la\u00a0<strong data-start=\"4149\" data-end=\"4157\">CNIL<\/strong>\u00a0si vous estimez que vos droits ne sont pas respect\u00e9s.<\/p><p data-start=\"4118\" data-end=\"4211\">\u00a0<\/p><hr data-start=\"4213\" data-end=\"4216\" \/><h2 data-start=\"4218\" data-end=\"4249\"><strong data-start=\"4221\" data-end=\"4249\">10. S\u00e9curit\u00e9 des donn\u00e9es<\/strong><\/h2><p data-start=\"4251\" data-end=\"4373\">Nous prenons toutes les mesures n\u00e9cessaires pour prot\u00e9ger vos donn\u00e9es contre tout acc\u00e8s non autoris\u00e9, perte ou alt\u00e9ration.<\/p><p data-start=\"4251\" data-end=\"4373\">\u00a0<\/p><hr data-start=\"4375\" data-end=\"4378\" \/><h2 data-start=\"4380\" data-end=\"4418\"><strong data-start=\"4383\" data-end=\"4418\">11. Mise \u00e0 jour de la politique<\/strong><\/h2><p data-start=\"4420\" data-end=\"4540\">La politique de confidentialit\u00e9 peut \u00eatre modifi\u00e9e \u00e0 tout moment.<br data-start=\"4485\" data-end=\"4488\" \/>La date de mise \u00e0 jour est indiqu\u00e9e en haut de page.<\/p>\t\t\t\t\t\t\t\t<\/div>\n\t\t\t\t\t<\/div>\n\t\t\t\t<\/div>\n\t\t\t\t<\/div>\n\t\t","protected":false},"excerpt":{"rendered":"<p>Derni\u00e8re mise \u00e0 jour : 30\/12\/2025 La pr\u00e9sente politique de confidentialit\u00e9 a pour objectif d\u2019informer les utilisateurs du site\u00a0plantasante.fr, propri\u00e9t\u00e9 [&hellip;]<\/p>\n","protected":false},"author":1,"featured_media":0,"parent":0,"menu_order":0,"comment_status":"closed","ping_status":"closed","template":"","meta":{"site-sidebar-layout":"no-sidebar","site-content-layout":"","ast-site-content-layout":"full-width-container","site-content-style":"default","site-sidebar-style":"default","ast-global-header-display":"","ast-banner-title-visibility":"","ast-main-header-display":"","ast-hfb-above-header-display":"","ast-hfb-below-header-display":"","ast-hfb-mobile-header-display":"","site-post-title":"","ast-breadcrumbs-content":"","ast-featured-img":"disabled","footer-sml-layout":"","ast-disable-related-posts":"","theme-transparent-header-meta":"","adv-header-id-meta":"","stick-header-meta":"","header-above-stick-meta":"","header-main-stick-meta":"","header-below-stick-meta":"","astra-migrate-meta-layouts":"default","ast-page-background-enabled":"default","ast-page-background-meta":{"desktop":{"background-color":"var(--ast-global-color-5)","background-image":"","background-repeat":"repeat","background-position":"center center","background-size":"auto","background-attachment":"scroll","background-type":"","background-media":"","overlay-type":"","overlay-color":"","overlay-opacity":"","overlay-gradient":""},"tablet":{"background-color":"","background-image":"","background-repeat":"repeat","background-position":"center center","background-size":"auto","background-attachment":"scroll","background-type":"","background-media":"","overlay-type":"","overlay-color":"","overlay-opacity":"","overlay-gradient":""},"mobile":{"background-color":"","background-image":"","background-repeat":"repeat","background-position":"center center","background-size":"auto","background-attachment":"scroll","background-type":"","background-media":"","overlay-type":"","overlay-color":"","overlay-opacity":"","overlay-gradient":""}},"ast-content-background-meta":{"desktop":{"background-color":"var(--ast-global-color-4)","background-image":"","background-repeat":"repeat","background-position":"center center","background-size":"auto","background-attachment":"scroll","background-type":"","background-media":"","overlay-type":"","overlay-color":"","overlay-opacity":"","overlay-gradient":""},"tablet":{"background-color":"var(--ast-global-color-4)","background-image":"","background-repeat":"repeat","background-position":"center center","background-size":"auto","background-attachment":"scroll","background-type":"","background-media":"","overlay-type":"","overlay-color":"","overlay-opacity":"","overlay-gradient":""},"mobile":{"background-color":"var(--ast-global-color-4)","background-image":"","background-repeat":"repeat","background-position":"center center","background-size":"auto","background-attachment":"scroll","background-type":"","background-media":"","overlay-type":"","overlay-color":"","overlay-opacity":"","overlay-gradient":""}},"footnotes":""},"folder":[],"class_list":["post-1646","page","type-page","status-publish","hentry"],"_links":{"self":[{"href":"https:\/\/plantasante.fr\/entreprises\/wp-json\/wp\/v2\/pages\/1646","targetHints":{"allow":["GET"]}}],"collection":[{"href":"https:\/\/plantasante.fr\/entreprises\/wp-json\/wp\/v2\/pages"}],"about":[{"href":"https:\/\/plantasante.fr\/entreprises\/wp-json\/wp\/v2\/types\/page"}],"author":[{"embeddable":true,"href":"https:\/\/plantasante.fr\/entreprises\/wp-json\/wp\/v2\/users\/1"}],"replies":[{"embeddable":true,"href":"https:\/\/plantasante.fr\/entreprises\/wp-json\/wp\/v2\/comments?post=1646"}],"version-history":[{"count":7,"href":"https:\/\/plantasante.fr\/entreprises\/wp-json\/wp\/v2\/pages\/1646\/revisions"}],"predecessor-version":[{"id":1653,"href":"https:\/\/plantasante.fr\/entreprises\/wp-json\/wp\/v2\/pages\/1646\/revisions\/1653"}],"wp:attachment":[{"href":"https:\/\/plantasante.fr\/entreprises\/wp-json\/wp\/v2\/media?parent=1646"}],"wp:term":[{"taxonomy":"folder","embeddable":true,"href":"https:\/\/plantasante.fr\/entreprises\/wp-json\/wp\/v2\/folder?post=1646"}],"curies":[{"name":"wp","href":"https:\/\/api.w.org\/{rel}","templated":true}]}}